{"id":927,"date":"2023-11-22T17:48:04","date_gmt":"2023-11-22T14:48:04","guid":{"rendered":"https:\/\/www.matrix-geosystems.com\/hakkimizda\/"},"modified":"2025-01-15T22:17:54","modified_gmt":"2025-01-15T19:17:54","slug":"hakkimizda","status":"publish","type":"page","link":"https:\/\/www.matrix-geosystems.com\/tr\/hakkimizda\/","title":{"rendered":"Hakk\u0131m\u0131zda"},"content":{"rendered":"<section class=\"l-section wpb_row height_auto\"><div class=\"l-section-h i-cf\"><div class=\"g-cols vc_row via_grid cols_1 laptops-cols_inherit tablets-cols_inherit mobiles-cols_1 valign_top type_default stacking_default\"><div class=\"wpb_column vc_column_container\"><div class=\"vc_column-inner\"><nav class=\"g-breadcrumbs us_custom_c905facd has_text_color separator_icon align_none\" itemscope itemtype=\"http:\/\/schema.org\/BreadcrumbList\"><div class=\"g-breadcrumbs-item\" itemscope itemprop=\"itemListElement\" itemtype=\"http:\/\/schema.org\/ListItem\"><a itemprop=\"item\" href=\"https:\/\/www.matrix-geosystems.com\/tr\/\"><span itemprop=\"name\">Giri\u015f<\/span><\/a><meta itemprop=\"position\" content=\"1\"\/><\/div><div class=\"g-breadcrumbs-separator\"><i class=\"fas fa-arrow-right\"><\/i><\/div><div class=\"g-breadcrumbs-item\">Sayfalar<\/div><\/nav><\/div><\/div><\/div><\/div><\/section><section class=\"l-section wpb_row height_medium\"><div class=\"l-section-h i-cf\"><div class=\"g-cols vc_row via_grid cols_1 laptops-cols_inherit tablets-cols_inherit mobiles-cols_1 valign_top type_default stacking_default\"><div class=\"wpb_column vc_column_container\"><div class=\"vc_column-inner\"><div class=\"w-image align_center\"><div class=\"w-image-h\"><img loading=\"lazy\" decoding=\"async\" width=\"832\" height=\"438\" src=\"https:\/\/www.matrix-geosystems.com\/wp-content\/uploads\/2024\/01\/page-banner-digital-surveying-instrument-performance-2.jpg\" class=\"attachment-large size-large\" alt=\"\" srcset=\"https:\/\/www.matrix-geosystems.com\/wp-content\/uploads\/2024\/01\/page-banner-digital-surveying-instrument-performance-2.jpg 832w, https:\/\/www.matrix-geosystems.com\/wp-content\/uploads\/2024\/01\/page-banner-digital-surveying-instrument-performance-2-300x158.jpg 300w\" sizes=\"auto, (max-width: 832px) 100vw, 832px\" \/><\/div><\/div><div class=\"w-separator size_small\"><\/div><div class=\"g-cols wpb_row via_grid cols_2 laptops-cols_inherit tablets-cols_inherit mobiles-cols_1 valign_top type_default stacking_default\" style=\"--gap:3rem;\"><div class=\"wpb_column vc_column_container\"><div class=\"vc_column-inner\"><div class=\"w-sharing type_fixed align_right color_default\"><div class=\"w-sharing-list\" data-content-image=\"true\"><a class=\"w-sharing-item email\" href=\"mailto:?subject=Hakk\u0131m\u0131zda&amp;body=https:\/\/www.matrix-geosystems.com\/tr\/wp-json\/wp\/v2\/pages\/927\" title=\"Bunu mail ile g\u00f6nder\" aria-label=\"Bunu mail ile g\u00f6nder\"><i class=\"fas fa-envelope\"><\/i><\/a><a class=\"w-sharing-item facebook\" href=\"https:\/\/www.facebook.com\/sharer\/sharer.php?u=https:\/\/www.matrix-geosystems.com\/tr\/wp-json\/wp\/v2\/pages\/927&amp;quote=Hakk\u0131m\u0131zda\" title=\"Bunu payla\u015f\" aria-label=\"Bunu payla\u015f\" onclick=\"window.open(this.href, &quot;facebook&quot;, &quot;toolbar=0,width=900,height=500&quot;); return false;\"><i class=\"fab fa-facebook\"><\/i><\/a><a class=\"w-sharing-item twitter\" href=\"https:\/\/twitter.com\/intent\/tweet?text=Hakk\u0131m\u0131zda&amp;url=https:\/\/www.matrix-geosystems.com\/tr\/wp-json\/wp\/v2\/pages\/927\" title=\"Bunu twitle\" aria-label=\"Bunu twitle\" onclick=\"window.open(this.href, &quot;twitter&quot;, &quot;toolbar=0,width=650,height=360&quot;); return false;\"><i class=\"fab fa-x-twitter\"><svg style=\"width:1em; margin-bottom:-.1em;\" xmlns=\"http:\/\/www.w3.org\/2000\/svg\" viewBox=\"0 0 512 512\"><path fill=\"currentColor\" d=\"M389.2 48h70.6L305.6 224.2 487 464H345L233.7 318.6 106.5 464H35.8L200.7 275.5 26.8 48H172.4L272.9 180.9 389.2 48zM364.4 421.8h39.1L151.1 88h-42L364.4 421.8z\"\/><\/svg><\/i><\/a><a class=\"w-sharing-item linkedin\" href=\"https:\/\/www.linkedin.com\/shareArticle?mini=true&amp;url=https:\/\/www.matrix-geosystems.com\/tr\/wp-json\/wp\/v2\/pages\/927\" title=\"Bunu payla\u015f\" aria-label=\"Bunu payla\u015f\" onclick=\"window.open(this.href, &quot;linkedin&quot;, &quot;toolbar=no,width=550,height=550&quot;); return false;\"><i class=\"fab fa-linkedin\"><\/i><\/a><a class=\"w-sharing-item whatsapp\" href=\"https:\/\/web.whatsapp.com\/send?text=Hakk\u0131m\u0131zda https:\/\/www.matrix-geosystems.com\/tr\/wp-json\/wp\/v2\/pages\/927\" title=\"Bunu payla\u015f\" aria-label=\"Bunu payla\u015f\" onclick=\"window.open(this.href, &quot;whatsapp&quot;, &quot;toolbar=0,width=900,height=500&quot;); return false;\"><i class=\"fab fa-whatsapp\"><\/i><\/a><a class=\"w-sharing-item telegram\" href=\"https:\/\/t.me\/share\/url?url=https:\/\/www.matrix-geosystems.com\/tr\/wp-json\/wp\/v2\/pages\/927&amp;text=Hakk\u0131m\u0131zda\" title=\"Bunu payla\u015f\" aria-label=\"Bunu payla\u015f\" onclick=\"window.open(this.href, &quot;telegram&quot;, &quot;toolbar=no,width=600,height=450&quot;); return false;\"><i class=\"fab fa-telegram\"><\/i><\/a><\/div><\/div><h1 class=\"w-text us_custom_b22bf4bd icon_atleft\"><span class=\"w-text-h\"><i class=\"fas fa-book\"><\/i><span class=\"w-text-value\">Hakk\u0131m\u0131zda<\/span><\/span><\/h1><div class=\"wpb_text_column\"><div class=\"wpb_wrapper\"><p>Matrix Geosystems LTD. Formed and registered in 2016 is a surveying supply and service company based in Istanbul Bay area, Turkey. Our teams are proud to provide the costumers with the equipment, sales and parts, repairs and service. Our company carries all models of all manufacturers total stations, robotics, GPS, Levels and supplies in very competitive prices. We carry Leica, Topcon, Sokkia, Pentax, Nikon and Trimble surveying equipments and accessories. Subsurface and Schunstedt locators are among the other equipment provided by us. Our repairs department is proudly at the service of our costumers with one of the greatest repair quality and knowledge in the nation. Our tech support in the service department is here to provide the required support to our valuable customers not only nationwide but globally through internet or one of our agents in there continents. We have over 2 agents and offices around the world, one offices in South America, one offices in Europe.<\/p>\n<\/div><\/div><\/div><\/div><div class=\"wpb_column vc_column_container\"><div class=\"vc_column-inner\"><div class=\"w-image us_custom_7a0b7166 us_animate_this align_center\"><div class=\"w-image-h\"><img loading=\"lazy\" decoding=\"async\" width=\"800\" height=\"800\" src=\"https:\/\/www.matrix-geosystems.com\/wp-content\/uploads\/2023\/12\/surveying-instrument-3.jpg\" class=\"attachment-large size-large\" alt=\"\" srcset=\"https:\/\/www.matrix-geosystems.com\/wp-content\/uploads\/2023\/12\/surveying-instrument-3.jpg 800w, https:\/\/www.matrix-geosystems.com\/wp-content\/uploads\/2023\/12\/surveying-instrument-3-300x300.jpg 300w, https:\/\/www.matrix-geosystems.com\/wp-content\/uploads\/2023\/12\/surveying-instrument-3-150x150.jpg 150w\" sizes=\"auto, (max-width: 800px) 100vw, 800px\" \/><\/div><\/div><\/div><\/div><\/div><div class=\"w-separator size_small\"><\/div><\/div><\/div><div class=\"wpb_column vc_column_container\"><div class=\"vc_column-inner\"><h1 class=\"w-text us_custom_b22bf4bd icon_atleft\"><span class=\"w-text-h\"><i class=\"fas fa-eye\"><\/i><span class=\"w-text-value\">Vizyon<\/span><\/span><\/h1><div class=\"wpb_text_column\"><div class=\"wpb_wrapper\"><ul>\n<li>Our vision at Matrix Geo Systems is to be the premier business-to-business enterprise, driving growth and development on an international scale. We strive to achieve this by consistently delivering exceptional products and services to our valued customers, while upholding our unwavering commitment to excellence, sustainability, and customer satisfaction<\/li>\n<\/ul>\n<\/div><\/div><div class=\"w-separator size_small\"><\/div><\/div><\/div><div class=\"wpb_column vc_column_container\"><div class=\"vc_column-inner\"><h1 class=\"w-text us_custom_b22bf4bd icon_atleft\"><span class=\"w-text-h\"><i class=\"fas fa-circle\"><\/i><span class=\"w-text-value\">Misyon<\/span><\/span><\/h1><div class=\"wpb_text_column\"><div class=\"wpb_wrapper\"><ul>\n<li>At Matrix Geo Systems, our mission is to harness our accumulated experience and expertise to meet the ever-evolving needs and demands of our customers. We are unwaveringly committed to adapting to the ever-changing landscape and remaining steadfast in fulfilling the requirements of our stakeholders. We strive to achieve this by continuously enhancing our products and services while fostering enduring partnerships with our customers and collaborators.<\/li>\n<\/ul>\n<\/div><\/div><div class=\"w-separator size_small\"><\/div><\/div><\/div><div class=\"wpb_column vc_column_container\"><div class=\"vc_column-inner\"><h1 class=\"w-text us_custom_5a56795c icon_atleft\"><span class=\"w-text-h\"><i class=\"fas fa-users\"><\/i><span class=\"w-text-value\">Our partners<\/span><\/span><\/h1><div class=\"w-grid type_carousel layout_galeri_varsay\u0131lan cols_5 valign_center\" id=\"us_grid_1\" style=\"--gap:1rem;\"><style>@media (min-width:1024px){#us_grid_1 .w-post-elm.post_title{font-size:100!important}}.layout_galeri_varsay\u0131lan .w-grid-item-h{}.layout_galeri_varsay\u0131lan .usg_post_image_1{margin-bottom:0.5rem!important}.layout_galeri_varsay\u0131lan .usg_post_title_1{font-size:1rem!important}@media (min-width:1025px) and (max-width:1380px){.layout_galeri_varsay\u0131lan .usg_post_image_1{margin-bottom:0.5rem!important}.layout_galeri_varsay\u0131lan .usg_post_title_1{font-size:1rem!important}}@media (min-width:601px) and (max-width:1024px){.layout_galeri_varsay\u0131lan .usg_post_image_1{margin-bottom:0.5rem!important}.layout_galeri_varsay\u0131lan .usg_post_title_1{font-size:1rem!important}}@media (max-width:600px){.layout_galeri_varsay\u0131lan .usg_post_image_1{margin-bottom:0.5rem!important}.layout_galeri_varsay\u0131lan .usg_post_title_1{font-size:1rem!important}}<\/style><div class=\"w-grid-list owl-carousel navstyle_circle navpos_outside\" style=\"--arrows-size:2rem;\">\t<article class=\"w-grid-item post-798 attachment type-attachment status-inherit hentry\" data-id=\"798\">\r\n\t\t<div class=\"w-grid-item-h\">\r\n\t\t\t\t\t\t<div class=\"w-post-elm post_image usg_post_image_1 stretched\"><a href=\"https:\/\/www.matrix-geosystems.com\/tr\/logo-trimble-2\/\" aria-label=\"logo trimble\"><img loading=\"lazy\" decoding=\"async\" width=\"360\" height=\"202\" src=\"https:\/\/www.matrix-geosystems.com\/wp-content\/uploads\/2024\/01\/logo-trimble.jpg\" class=\"attachment-large size-large\" alt=\"\" srcset=\"https:\/\/www.matrix-geosystems.com\/wp-content\/uploads\/2024\/01\/logo-trimble.jpg 360w, https:\/\/www.matrix-geosystems.com\/wp-content\/uploads\/2024\/01\/logo-trimble-300x168.jpg 300w\" sizes=\"auto, (max-width: 360px) 100vw, 360px\" \/><\/a><\/div><h2 class=\"w-post-elm post_title usg_post_title_1 entry-title color_link_inherit\"><a href=\"https:\/\/www.matrix-geosystems.com\/tr\/logo-trimble-2\/\">logo trimble<\/a><\/h2>\t\t<\/div>\r\n\t<\/article>\r\n\t<article class=\"w-grid-item post-797 attachment type-attachment status-inherit hentry\" data-id=\"797\">\r\n\t\t<div class=\"w-grid-item-h\">\r\n\t\t\t\t\t\t<div class=\"w-post-elm post_image usg_post_image_1 stretched\"><a href=\"https:\/\/www.matrix-geosystems.com\/tr\/logo-leica-2\/\" aria-label=\"logo leica\"><img loading=\"lazy\" decoding=\"async\" width=\"360\" height=\"202\" src=\"https:\/\/www.matrix-geosystems.com\/wp-content\/uploads\/2024\/01\/logo-leica.jpg\" class=\"attachment-large size-large\" alt=\"\" srcset=\"https:\/\/www.matrix-geosystems.com\/wp-content\/uploads\/2024\/01\/logo-leica.jpg 360w, https:\/\/www.matrix-geosystems.com\/wp-content\/uploads\/2024\/01\/logo-leica-300x168.jpg 300w\" sizes=\"auto, (max-width: 360px) 100vw, 360px\" \/><\/a><\/div><h2 class=\"w-post-elm post_title usg_post_title_1 entry-title color_link_inherit\"><a href=\"https:\/\/www.matrix-geosystems.com\/tr\/logo-leica-2\/\">logo leica<\/a><\/h2>\t\t<\/div>\r\n\t<\/article>\r\n\t<article class=\"w-grid-item post-794 attachment type-attachment status-inherit hentry\" data-id=\"794\">\r\n\t\t<div class=\"w-grid-item-h\">\r\n\t\t\t\t\t\t<div class=\"w-post-elm post_image usg_post_image_1 stretched\"><a href=\"https:\/\/www.matrix-geosystems.com\/tr\/sokkia-logo-2\/\" aria-label=\"sokkia logo\"><img loading=\"lazy\" decoding=\"async\" width=\"360\" height=\"203\" src=\"https:\/\/www.matrix-geosystems.com\/wp-content\/uploads\/2024\/01\/sokkia-logo.jpg\" class=\"attachment-large size-large\" alt=\"\" srcset=\"https:\/\/www.matrix-geosystems.com\/wp-content\/uploads\/2024\/01\/sokkia-logo.jpg 360w, https:\/\/www.matrix-geosystems.com\/wp-content\/uploads\/2024\/01\/sokkia-logo-300x169.jpg 300w\" sizes=\"auto, (max-width: 360px) 100vw, 360px\" \/><\/a><\/div><h2 class=\"w-post-elm post_title usg_post_title_1 entry-title color_link_inherit\"><a href=\"https:\/\/www.matrix-geosystems.com\/tr\/sokkia-logo-2\/\">sokkia logo<\/a><\/h2>\t\t<\/div>\r\n\t<\/article>\r\n\t<article class=\"w-grid-item post-795 attachment type-attachment status-inherit hentry\" data-id=\"795\">\r\n\t\t<div class=\"w-grid-item-h\">\r\n\t\t\t\t\t\t<div class=\"w-post-elm post_image usg_post_image_1 stretched\"><a href=\"https:\/\/www.matrix-geosystems.com\/tr\/topcon-logo-2\/\" aria-label=\"topcon logo\"><img loading=\"lazy\" decoding=\"async\" width=\"360\" height=\"203\" src=\"https:\/\/www.matrix-geosystems.com\/wp-content\/uploads\/2024\/01\/topcon-logo.jpg\" class=\"attachment-large size-large\" alt=\"\" srcset=\"https:\/\/www.matrix-geosystems.com\/wp-content\/uploads\/2024\/01\/topcon-logo.jpg 360w, https:\/\/www.matrix-geosystems.com\/wp-content\/uploads\/2024\/01\/topcon-logo-300x169.jpg 300w\" sizes=\"auto, (max-width: 360px) 100vw, 360px\" \/><\/a><\/div><h2 class=\"w-post-elm post_title usg_post_title_1 entry-title color_link_inherit\"><a href=\"https:\/\/www.matrix-geosystems.com\/tr\/topcon-logo-2\/\">topcon logo<\/a><\/h2>\t\t<\/div>\r\n\t<\/article>\r\n\t<article class=\"w-grid-item post-793 attachment type-attachment status-inherit hentry\" data-id=\"793\">\r\n\t\t<div class=\"w-grid-item-h\">\r\n\t\t\t\t\t\t<div class=\"w-post-elm post_image usg_post_image_1 stretched\"><a href=\"https:\/\/www.matrix-geosystems.com\/tr\/nikon-logo-2\/\" aria-label=\"Nikon logo\"><img loading=\"lazy\" decoding=\"async\" width=\"360\" height=\"202\" src=\"https:\/\/www.matrix-geosystems.com\/wp-content\/uploads\/2024\/01\/Nikon-logo.jpg\" class=\"attachment-large size-large\" alt=\"\" srcset=\"https:\/\/www.matrix-geosystems.com\/wp-content\/uploads\/2024\/01\/Nikon-logo.jpg 360w, https:\/\/www.matrix-geosystems.com\/wp-content\/uploads\/2024\/01\/Nikon-logo-300x168.jpg 300w\" sizes=\"auto, (max-width: 360px) 100vw, 360px\" \/><\/a><\/div><h2 class=\"w-post-elm post_title usg_post_title_1 entry-title color_link_inherit\"><a href=\"https:\/\/www.matrix-geosystems.com\/tr\/nikon-logo-2\/\">Nikon logo<\/a><\/h2>\t\t<\/div>\r\n\t<\/article>\r\n<\/div>\t<div class=\"g-preloader type_1\">\r\n\t\t<div><\/div>\r\n\t<\/div>\r\n\t\t<div class=\"w-grid-json hidden\" onclick='return {&quot;action&quot;:&quot;us_ajax_grid&quot;,&quot;ajax_url&quot;:&quot;https:\\\/\\\/www.matrix-geosystems.com\\\/wp-admin\\\/admin-ajax.php&quot;,&quot;infinite_scroll&quot;:0,&quot;max_num_pages&quot;:1,&quot;pagination&quot;:&quot;none&quot;,&quot;template_vars&quot;:{&quot;columns&quot;:&quot;5&quot;,&quot;exclude_items&quot;:&quot;none&quot;,&quot;img_size&quot;:&quot;large&quot;,&quot;ignore_items_size&quot;:&quot;1&quot;,&quot;items_layout&quot;:&quot;galeri_varsay\\u0131lan&quot;,&quot;items_offset&quot;:&quot;1&quot;,&quot;load_animation&quot;:&quot;none&quot;,&quot;overriding_link&quot;:&quot;{\\&quot;url\\&quot;:\\&quot;\\&quot;}&quot;,&quot;post_id&quot;:0,&quot;query_args&quot;:{&quot;post_type&quot;:[&quot;attachment&quot;],&quot;post__in&quot;:[&quot;248&quot;,&quot;247&quot;,&quot;246&quot;,&quot;258&quot;,&quot;257&quot;],&quot;post_status&quot;:&quot;inherit&quot;,&quot;post_mime_type&quot;:&quot;image&quot;,&quot;posts_per_page&quot;:&quot;6&quot;},&quot;orderby_query_args&quot;:{&quot;orderby&quot;:{&quot;date&quot;:&quot;DESC&quot;}},&quot;type&quot;:&quot;carousel&quot;,&quot;us_grid_ajax_index&quot;:1,&quot;us_grid_filter_params&quot;:[],&quot;us_grid_index&quot;:1,&quot;_us_grid_post_type&quot;:&quot;attachment&quot;,&quot;page_args&quot;:[],&quot;lang&quot;:&quot;tr&quot;},&quot;carousel_settings&quot;:{&quot;autoHeight&quot;:0,&quot;autoplay&quot;:0,&quot;carousel_fade&quot;:0,&quot;center&quot;:0,&quot;dots&quot;:0,&quot;items&quot;:&quot;5&quot;,&quot;loop&quot;:true,&quot;nav&quot;:1,&quot;slideby&quot;:&quot;1&quot;,&quot;smooth_play&quot;:0,&quot;speed&quot;:150,&quot;timeout&quot;:3000,&quot;transition&quot;:&quot;&quot;,&quot;aria_labels&quot;:{&quot;prev&quot;:&quot;\\u00d6nceki&quot;,&quot;next&quot;:&quot;Sonraki&quot;}},&quot;carousel_breakpoints&quot;:{&quot;0&quot;:{&quot;autoHeight&quot;:0,&quot;autoplay&quot;:1,&quot;autoplayHoverPause&quot;:1,&quot;items&quot;:1,&quot;loop&quot;:true,&quot;stagePadding&quot;:0},&quot;601&quot;:{&quot;autoHeight&quot;:0,&quot;autoplay&quot;:1,&quot;autoplayHoverPause&quot;:1,&quot;items&quot;:2,&quot;loop&quot;:true,&quot;stagePadding&quot;:0},&quot;1025&quot;:{&quot;autoHeight&quot;:0,&quot;autoplay&quot;:1,&quot;autoplayHoverPause&quot;:1,&quot;items&quot;:3,&quot;loop&quot;:true,&quot;stagePadding&quot;:0},&quot;1381&quot;:{&quot;items&quot;:5,&quot;stagePadding&quot;:10}}}'><\/div>\r\n\t<\/div><div class=\"w-separator size_small\"><\/div><\/div><\/div><\/div><\/div><\/section>\n","protected":false},"excerpt":{"rendered":"","protected":false},"author":1,"featured_media":0,"parent":0,"menu_order":0,"comment_status":"closed","ping_status":"closed","template":"","meta":{"footnotes":""},"class_list":["post-927","page","type-page","status-publish","hentry"],"_links":{"self":[{"href":"https:\/\/www.matrix-geosystems.com\/tr\/wp-json\/wp\/v2\/pages\/927","targetHints":{"allow":["GET"]}}],"collection":[{"href":"https:\/\/www.matrix-geosystems.com\/tr\/wp-json\/wp\/v2\/pages"}],"about":[{"href":"https:\/\/www.matrix-geosystems.com\/tr\/wp-json\/wp\/v2\/types\/page"}],"author":[{"embeddable":true,"href":"https:\/\/www.matrix-geosystems.com\/tr\/wp-json\/wp\/v2\/users\/1"}],"replies":[{"embeddable":true,"href":"https:\/\/www.matrix-geosystems.com\/tr\/wp-json\/wp\/v2\/comments?post=927"}],"version-history":[{"count":5,"href":"https:\/\/www.matrix-geosystems.com\/tr\/wp-json\/wp\/v2\/pages\/927\/revisions"}],"predecessor-version":[{"id":944,"href":"https:\/\/www.matrix-geosystems.com\/tr\/wp-json\/wp\/v2\/pages\/927\/revisions\/944"}],"wp:attachment":[{"href":"https:\/\/www.matrix-geosystems.com\/tr\/wp-json\/wp\/v2\/media?parent=927"}],"curies":[{"name":"wp","href":"https:\/\/api.w.org\/{rel}","templated":true}]}}