{"id":933,"date":"2023-11-22T18:49:52","date_gmt":"2023-11-22T15:49:52","guid":{"rendered":"https:\/\/www.matrix-geosystems.com\/bize-ulasin\/"},"modified":"2025-01-15T22:17:31","modified_gmt":"2025-01-15T19:17:31","slug":"bize-ulasin","status":"publish","type":"page","link":"https:\/\/www.matrix-geosystems.com\/tr\/bize-ulasin\/","title":{"rendered":"Bize Ula\u015f\u0131n"},"content":{"rendered":"<section class=\"l-section wpb_row height_auto\"><div class=\"l-section-h i-cf\"><div class=\"g-cols vc_row via_grid cols_1 laptops-cols_inherit tablets-cols_inherit mobiles-cols_1 valign_top type_default stacking_default\"><div class=\"wpb_column vc_column_container\"><div class=\"vc_column-inner\"><nav class=\"g-breadcrumbs us_custom_c905facd has_text_color separator_icon align_none\" itemscope itemtype=\"http:\/\/schema.org\/BreadcrumbList\"><div class=\"g-breadcrumbs-item\" itemscope itemprop=\"itemListElement\" itemtype=\"http:\/\/schema.org\/ListItem\"><a itemprop=\"item\" href=\"https:\/\/www.matrix-geosystems.com\/tr\/\"><span itemprop=\"name\">Giri\u015f<\/span><\/a><meta itemprop=\"position\" content=\"1\"\/><\/div><div class=\"g-breadcrumbs-separator\"><i class=\"fas fa-arrow-right\"><\/i><\/div><div class=\"g-breadcrumbs-item\">Sayfalar<\/div><\/nav><\/div><\/div><\/div><\/div><\/section><section class=\"l-section wpb_row height_medium\"><div class=\"l-section-h i-cf\"><div class=\"g-cols vc_row via_grid cols_1 laptops-cols_inherit tablets-cols_inherit mobiles-cols_1 valign_top type_default stacking_default\"><div class=\"wpb_column vc_column_container\"><div class=\"vc_column-inner\"><div class=\"w-image align_center\"><div class=\"w-image-h\"><img loading=\"lazy\" decoding=\"async\" width=\"1024\" height=\"309\" src=\"https:\/\/www.matrix-geosystems.com\/wp-content\/uploads\/2024\/01\/page-banner-world-wide-connection-1024x309.jpg\" class=\"attachment-large size-large\" alt=\"\" srcset=\"https:\/\/www.matrix-geosystems.com\/wp-content\/uploads\/2024\/01\/page-banner-world-wide-connection-1024x309.jpg 1024w, https:\/\/www.matrix-geosystems.com\/wp-content\/uploads\/2024\/01\/page-banner-world-wide-connection-300x91.jpg 300w, https:\/\/www.matrix-geosystems.com\/wp-content\/uploads\/2024\/01\/page-banner-world-wide-connection.jpg 1450w\" sizes=\"auto, (max-width: 1024px) 100vw, 1024px\" \/><\/div><\/div><div class=\"w-separator size_medium\"><\/div><div class=\"wpb_text_column us_custom_2a253078\"><div class=\"wpb_wrapper\"><h5>L\u00fctfen bizimle ileti\u015fime ge\u00e7ebilmeniz i\u00e7in a\u015fa\u011f\u0131daki formu doldurun!<\/h5>\n<\/div><\/div><div class=\"w-separator size_medium\"><\/div><div class=\"g-cols wpb_row via_grid cols_2 laptops-cols_inherit tablets-cols_inherit mobiles-cols_1 valign_top type_default stacking_default\" style=\"--gap:3rem;\"><div class=\"wpb_column vc_column_container\"><div class=\"vc_column-inner\"><div class=\"w-text us_custom_c6c9b4a1 has_text_color icon_atleft\"><span class=\"w-text-h\"><i class=\"fas fa-star\"><\/i><span class=\"w-text-value\">Y\u0131ld\u0131zl\u0131 alanlar zorunludur!<\/span><\/span><\/div><form class=\"w-form  layout_ver for_cform us_form_1\" autocomplete=\"off\" action=\"https:\/\/www.matrix-geosystems.com\/tr\/wp-json\/wp\/v2\/pages\/933\" method=\"post\"><div class=\"w-form-h\"><div class=\"w-form-row for_text has_label required with_icon\">\r\n\t\t\t<div class=\"w-form-row-label\">\r\n\t\t\t<span>Ad\u0131n\u0131z Soyad\u0131n\u0131z: *<\/span>\r\n\t\t<\/div>\r\n\t\t<div class=\"w-form-row-field\">\r\n\t\t\t\t<i class=\"fas fa-user\"><\/i>\t\t<input aria-label=\"Ad\u0131n\u0131z Soyad\u0131n\u0131z:\" type=\"text\" name=\"us_form_1_text_1\" value placeholder=\"Bu alan\u0131 doldurun\" data-required=\"true\" aria-required=\"true\"\/>\r\n\t\t\t<\/div>\r\n\t\t<div class=\"w-form-row-state\">Fill out this field<\/div>\r\n<\/div>\r\n<div class=\"w-form-row for_email has_label required with_icon\">\r\n\t\t\t<div class=\"w-form-row-label\">\r\n\t\t\t<span>E-posta Adresi *<\/span>\r\n\t\t<\/div>\r\n\t\t<div class=\"w-form-row-field\">\r\n\t\t\t\t<i class=\"fas fa-envelope\"><\/i>\t\t<input aria-label=\"E-posta Adresi\" type=\"email\" name=\"us_form_1_email_1\" value placeholder=\"E-posta\" data-required=\"true\" aria-required=\"true\"\/>\r\n\t\t\t<\/div>\r\n\t\t<div class=\"w-form-row-state\">L\u00fctfen ge\u00e7erli bir e-posta adresi yaz\u0131n.<\/div>\r\n<\/div>\r\n<div class=\"w-form-row for_text has_label required with_icon\">\r\n\t\t\t<div class=\"w-form-row-label\">\r\n\t\t\t<span>Telefon: *<\/span>\r\n\t\t<\/div>\r\n\t\t<div class=\"w-form-row-field\">\r\n\t\t\t\t<i class=\"fas fa-phone\"><\/i>\t\t<input aria-label=\"Telefon:\" inputmode=\"tel\" type=\"text\" name=\"us_form_1_text_2\" value placeholder=\"Telefon Numaras\u0131\" data-required=\"true\" aria-required=\"true\"\/>\r\n\t\t\t<\/div>\r\n\t\t<div class=\"w-form-row-state\">Fill out this field<\/div>\r\n<\/div>\r\n<div class=\"w-form-row for_textarea has_label required with_icon\">\r\n\t\t\t<div class=\"w-form-row-label\">\r\n\t\t\t<span>Mesaj\u0131n\u0131z *<\/span>\r\n\t\t<\/div>\r\n\t\t<div class=\"w-form-row-field\">\r\n\t\t\t\t<i class=\"fas fa-sticky-note\"><\/i>\t\t<textarea aria-label=\"Mesaj\u0131n\u0131z\" name=\"us_form_1_textarea_1\" placeholder=\"Mesaj\" data-required=\"true\" aria-required=\"true\"><\/textarea>\r\n\t\t\t<\/div>\r\n\t\t<div class=\"w-form-row-state\">Fill out this field<\/div>\r\n<\/div>\r\n<div class=\"w-form-row for_captcha has_label required with_icon\">\r\n\t<div class=\"w-form-row-label\">\r\n\t\t<span>Do\u011fru cevab\u0131 yaz\u0131n\u0131z: <span>18 - 9 = ?<\/span><\/span>\r\n\t<\/div>\r\n\t<div class=\"w-form-row-field\">\r\n\t\t\t\t<input type=\"hidden\" name=\"us_form_1_captcha_1_hash\" value=\"211c0ce37f0e1fdc8d99d02768e175de\" \/>\r\n\t\t<i class=\"fas fa-question\"><\/i>\t\t<input aria-label=\"Do\u011fru cevab\u0131 yaz\u0131n\u0131z:\" type=\"text\" name=\"us_form_1_captcha_1\" placeholder data-required=\"true\" aria-required=\"true\"\/>\r\n\t\t\t<\/div>\r\n\t\t<div class=\"w-form-row-state\">Enter the equation result to proceed<\/div>\r\n<\/div>\r\n<input type=\"hidden\" name=\"action\" value=\"us_ajax_cform\" \/>\r\n<input type=\"hidden\" name=\"post_id\" value=\"0\" \/>\r\n<input type=\"hidden\" name=\"form_index\" value=\"1\" \/>\r\n<div class=\"w-form-row for_submit align_none\">\r\n\t<button class=\"w-btn icon_atleft us-btn-style_1\" aria-label=\"G\u00f6nder\" type=\"submit\">\r\n\t\t<span class=\"g-preloader type_1\"><\/span>\r\n\t\t<i class=\"material-icons\">check<\/i>\t\t<span class=\"w-btn-label\">G\u00f6nder<\/span>\r\n\t\t\t<\/button>\r\n\t<\/div>\r\n<\/div><div class=\"w-form-message\"><\/div><div class=\"w-form-json hidden\" onclick='return {&quot;ajaxurl&quot;:&quot;https:\\\/\\\/www.matrix-geosystems.com\\\/wp-admin\\\/admin-ajax.php&quot;,&quot;messages&quot;:{&quot;err_empty&quot;:&quot;Fill out this field&quot;,&quot;err_size&quot;:&quot;File size cannot exceed %s MB&quot;,&quot;err_extension&quot;:&quot;%s file type is not allowed&quot;}}'><\/div><\/form><div class=\"w-sharing type_fixed align_right color_default\"><div class=\"w-sharing-list\" data-content-image=\"true\"><a class=\"w-sharing-item email\" href=\"mailto:?subject=Bize Ula\u015f\u0131n&amp;body=https:\/\/www.matrix-geosystems.com\/tr\/wp-json\/wp\/v2\/pages\/933\" title=\"Bunu mail ile g\u00f6nder\" aria-label=\"Bunu mail ile g\u00f6nder\"><i class=\"fas fa-envelope\"><\/i><\/a><a class=\"w-sharing-item facebook\" href=\"https:\/\/www.facebook.com\/sharer\/sharer.php?u=https:\/\/www.matrix-geosystems.com\/tr\/wp-json\/wp\/v2\/pages\/933&amp;quote=Bize Ula\u015f\u0131n\" title=\"Bunu payla\u015f\" aria-label=\"Bunu payla\u015f\" onclick=\"window.open(this.href, &quot;facebook&quot;, &quot;toolbar=0,width=900,height=500&quot;); return false;\"><i class=\"fab fa-facebook\"><\/i><\/a><a class=\"w-sharing-item twitter\" href=\"https:\/\/twitter.com\/intent\/tweet?text=Bize Ula\u015f\u0131n&amp;url=https:\/\/www.matrix-geosystems.com\/tr\/wp-json\/wp\/v2\/pages\/933\" title=\"Bunu twitle\" aria-label=\"Bunu twitle\" onclick=\"window.open(this.href, &quot;twitter&quot;, &quot;toolbar=0,width=650,height=360&quot;); return false;\"><i class=\"fab fa-x-twitter\"><svg style=\"width:1em; margin-bottom:-.1em;\" xmlns=\"http:\/\/www.w3.org\/2000\/svg\" viewBox=\"0 0 512 512\"><path fill=\"currentColor\" d=\"M389.2 48h70.6L305.6 224.2 487 464H345L233.7 318.6 106.5 464H35.8L200.7 275.5 26.8 48H172.4L272.9 180.9 389.2 48zM364.4 421.8h39.1L151.1 88h-42L364.4 421.8z\"\/><\/svg><\/i><\/a><a class=\"w-sharing-item linkedin\" href=\"https:\/\/www.linkedin.com\/shareArticle?mini=true&amp;url=https:\/\/www.matrix-geosystems.com\/tr\/wp-json\/wp\/v2\/pages\/933\" title=\"Bunu payla\u015f\" aria-label=\"Bunu payla\u015f\" onclick=\"window.open(this.href, &quot;linkedin&quot;, &quot;toolbar=no,width=550,height=550&quot;); return false;\"><i class=\"fab fa-linkedin\"><\/i><\/a><a class=\"w-sharing-item whatsapp\" href=\"https:\/\/web.whatsapp.com\/send?text=Bize Ula\u015f\u0131n https:\/\/www.matrix-geosystems.com\/tr\/wp-json\/wp\/v2\/pages\/933\" title=\"Bunu payla\u015f\" aria-label=\"Bunu payla\u015f\" onclick=\"window.open(this.href, &quot;whatsapp&quot;, &quot;toolbar=0,width=900,height=500&quot;); return false;\"><i class=\"fab fa-whatsapp\"><\/i><\/a><a class=\"w-sharing-item telegram\" href=\"https:\/\/t.me\/share\/url?url=https:\/\/www.matrix-geosystems.com\/tr\/wp-json\/wp\/v2\/pages\/933&amp;text=Bize Ula\u015f\u0131n\" title=\"Bunu payla\u015f\" aria-label=\"Bunu payla\u015f\" onclick=\"window.open(this.href, &quot;telegram&quot;, &quot;toolbar=no,width=600,height=450&quot;); return false;\"><i class=\"fab fa-telegram\"><\/i><\/a><\/div><\/div><\/div><\/div><div class=\"wpb_column vc_column_container\"><div class=\"vc_column-inner\"><div class=\"w-image style_circle align_center\"><div class=\"w-image-h\"><img loading=\"lazy\" decoding=\"async\" width=\"300\" height=\"300\" src=\"https:\/\/www.matrix-geosystems.com\/wp-content\/uploads\/2023\/12\/surveying-instrument-5-300x300.jpg\" class=\"attachment-medium size-medium\" alt=\"\" srcset=\"https:\/\/www.matrix-geosystems.com\/wp-content\/uploads\/2023\/12\/surveying-instrument-5-300x300.jpg 300w, https:\/\/www.matrix-geosystems.com\/wp-content\/uploads\/2023\/12\/surveying-instrument-5-150x150.jpg 150w, https:\/\/www.matrix-geosystems.com\/wp-content\/uploads\/2023\/12\/surveying-instrument-5.jpg 800w\" sizes=\"auto, (max-width: 300px) 100vw, 300px\" \/><\/div><\/div><div class=\"w-separator size_small\"><\/div><div class=\"wpb_text_column us_custom_2a253078\"><div class=\"wpb_wrapper\"><h5>Burada ileti\u015fim bilgilerimizi bulabilirsiniz:<\/h5>\n<\/div><\/div><div class=\"w-separator size_small\"><\/div><h5 class=\"w-text icon_atleft\"><span class=\"w-text-h\"><i class=\"fas fa-location-arrow\"><\/i><span class=\"w-text-value\">Adresimiz:<\/span><\/span><\/h5><div class=\"wpb_text_column\"><div class=\"wpb_wrapper\"><ol>\n<li>Stuartsgatan 4, 412 60 G\u00f6teborg &#8211; \u0130sve\u00e7<\/li>\n<li>Bari\u015f Mah, Ak Deniz CAD, No 8\/1 Beyaz Center \u0130\u015f Merkezi Kat 1, Daire 1, Beylikd\u00fcz\u00fc, \u0130stanbul, Turkiye<\/li>\n<\/ol>\n<\/div><\/div><div class=\"w-separator size_small\"><\/div><h5 class=\"w-text icon_atleft\"><span class=\"w-text-h\"><i class=\"fas fa-phone\"><\/i><span class=\"w-text-value\">Telefon Numaras\u0131:<\/span><\/span><\/h5><div class=\"wpb_text_column us_custom_ae99f6aa has_text_color\"><div class=\"wpb_wrapper\"><ol>\n<li>\u0130sve\u00e7 :<a href=\"tel:0046767096681\">+46 76-709 66 81<\/a><\/li>\n<li style=\"text-align: left;\"><span>Turkey: <a href=\"tel:00905367444848\">+90 536 744 48 48<\/a><\/span><\/li>\n<\/ol>\n<\/div><\/div><div class=\"w-separator size_small\"><\/div><h5 class=\"w-text icon_atleft\"><span class=\"w-text-h\"><i class=\"fas fa-envelope\"><\/i><span class=\"w-text-value\">E-posta Adresi:<\/span><\/span><\/h5><div class=\"wpb_text_column\"><div class=\"wpb_wrapper\"><p style=\"text-align: left;\"><span style=\"color: #1a1a1a;\"><a style=\"color: #1a1a1a;\" href=\"mailto:Info@matrix-geosystems.com\">Info@matrix-geosystems.com<\/a><\/span><\/p>\n<\/div><\/div><div class=\"w-separator size_small\"><\/div><h5 class=\"w-text icon_atleft\"><span class=\"w-text-h\"><i class=\"fas fa-share\"><\/i><span class=\"w-text-value\">Bizi sosyal medya a\u011flar\u0131nda takip edin<\/span><\/span><\/h5><div class=\"w-socials us_custom_3c05f4f4 color_brand shape_square style_default hover_fade\" style=\"--gap:1px;\"><div class=\"w-socials-list\"><div class=\"w-socials-item facebook\"><a target=\"_blank\" rel=\"nofollow\" href=\"https:\/\/www.facebook.com\/profile.php?id=100014745663328&amp;mibextid=ZbWKwL\" class=\"w-socials-item-link\" title=\"Facebook\" aria-label=\"Facebook\"><span class=\"w-socials-item-link-hover\"><\/span><i class=\"fab fa-facebook\"><\/i><\/a><div class=\"w-socials-item-popup\"><span>Facebook<\/span><\/div><\/div><div class=\"w-socials-item instagram\"><a target=\"_blank\" rel=\"nofollow\" href=\"https:\/\/www.instagram.com\/matrixgeosystems?igsh=ZGNjOWZkYTE3MQ==\" class=\"w-socials-item-link\" title=\"Instagram\" aria-label=\"Instagram\"><span class=\"w-socials-item-link-hover\"><\/span><i class=\"fab fa-instagram\"><\/i><\/a><div class=\"w-socials-item-popup\"><span>Instagram<\/span><\/div><\/div><div class=\"w-socials-item youtube\"><a href=\"http:\/\/www.youtube.com\/@matrixgeosystems2017\" class=\"w-socials-item-link\" title=\"YouTube\" aria-label=\"YouTube\"><span class=\"w-socials-item-link-hover\"><\/span><i class=\"fab fa-youtube\"><\/i><\/a><div class=\"w-socials-item-popup\"><span>YouTube<\/span><\/div><\/div><\/div><\/div><\/div><\/div><\/div><\/div><\/div><\/div><\/div><\/section><section class=\"l-section wpb_row us_custom_7db81c57 height_medium\"><div class=\"l-section-h i-cf\"><div class=\"g-cols vc_row via_grid cols_1 laptops-cols_inherit tablets-cols_inherit mobiles-cols_1 valign_top type_default stacking_default\"><div class=\"wpb_column vc_column_container\"><div class=\"vc_column-inner\"><div class=\"w-tabs us_custom_629dfcfb has_text_color us_animate_this style_default switch_click accordion type_togglable has_scrolling remove_indents\" style=\"--sections-title-size:inherit\"><div class=\"w-tabs-sections titles-align_center icon_chevron cpos_left\"><div class=\"w-tabs-section has_text_color\" id=\"d118\"><button class=\"w-tabs-section-header with_icon\" aria-controls=\"content-d118\" aria-expanded=\"false\"><i class=\"fas fa-globe\"><\/i><div class=\"w-tabs-section-title\">Haritada buraday\u0131z!<\/div><div class=\"w-tabs-section-control\"><\/div><\/button><div  class=\"w-tabs-section-content us_custom_9e1cfb85\" id=\"content-d118\"><div class=\"w-tabs-section-content-h i-cf\"><div class=\"w-map provider_osm\" id=\"us_map_1\"><div class=\"w-map-inner\"><div class=\"w-map-json\" onclick='return {&quot;address&quot;:&quot;41.00588835509109, 28.6575254&quot;,&quot;disableDragging&quot;:0,&quot;disableZoom&quot;:0,&quot;hideControls&quot;:0,&quot;zoom&quot;:12,&quot;markers&quot;:[{&quot;address&quot;:&quot;41.00588835509109, 28.6575254&quot;,&quot;html&quot;:&quot;&lt;h6&gt;Hey, we are here!&lt;\\\/h6&gt;&lt;p&gt;We will be glad to see you in our office.&lt;\\\/p&gt;&quot;,&quot;infowindow&quot;:0}],&quot;style&quot;:&quot;https:\\\/\\\/{s}.tile.openstreetmap.org\\\/{z}\\\/{x}\\\/{y}.png&quot;}'><\/div><\/div><\/div><\/div><\/div><\/div><\/div><\/div><\/div><\/div><\/div><\/div><\/section>\n","protected":false},"excerpt":{"rendered":"Giri\u015fSayfalarL\u00fctfen bizimle ileti\u015fime ge\u00e7ebilmeniz i\u00e7in a\u015fa\u011f\u0131daki formu doldurun! Y\u0131ld\u0131zl\u0131 alanlar zorunludur! Ad\u0131n\u0131z Soyad\u0131n\u0131z: * Fill out this field E-posta Adresi * L\u00fctfen ge\u00e7erli bir e-posta adresi yaz\u0131n. Telefon: * Fill out this field Mesaj\u0131n\u0131z * Fill out this field Do\u011fru cevab\u0131 yaz\u0131n\u0131z: 30 + 9 = ? Enter the equation result to proceed check G\u00f6nder...","protected":false},"author":1,"featured_media":0,"parent":0,"menu_order":0,"comment_status":"closed","ping_status":"closed","template":"","meta":{"footnotes":""},"class_list":["post-933","page","type-page","status-publish","hentry"],"_links":{"self":[{"href":"https:\/\/www.matrix-geosystems.com\/tr\/wp-json\/wp\/v2\/pages\/933","targetHints":{"allow":["GET"]}}],"collection":[{"href":"https:\/\/www.matrix-geosystems.com\/tr\/wp-json\/wp\/v2\/pages"}],"about":[{"href":"https:\/\/www.matrix-geosystems.com\/tr\/wp-json\/wp\/v2\/types\/page"}],"author":[{"embeddable":true,"href":"https:\/\/www.matrix-geosystems.com\/tr\/wp-json\/wp\/v2\/users\/1"}],"replies":[{"embeddable":true,"href":"https:\/\/www.matrix-geosystems.com\/tr\/wp-json\/wp\/v2\/comments?post=933"}],"version-history":[{"count":4,"href":"https:\/\/www.matrix-geosystems.com\/tr\/wp-json\/wp\/v2\/pages\/933\/revisions"}],"predecessor-version":[{"id":941,"href":"https:\/\/www.matrix-geosystems.com\/tr\/wp-json\/wp\/v2\/pages\/933\/revisions\/941"}],"wp:attachment":[{"href":"https:\/\/www.matrix-geosystems.com\/tr\/wp-json\/wp\/v2\/media?parent=933"}],"curies":[{"name":"wp","href":"https:\/\/api.w.org\/{rel}","templated":true}]}}