{"id":945,"date":"2023-12-31T07:18:22","date_gmt":"2023-12-31T04:18:22","guid":{"rendered":"https:\/\/www.matrix-geosystems.com\/stec\/"},"modified":"2025-03-07T19:13:31","modified_gmt":"2025-03-07T16:13:31","slug":"stec","status":"publish","type":"page","link":"https:\/\/www.matrix-geosystems.com\/tr\/stec\/","title":{"rendered":"STEC"},"content":{"rendered":"<section class=\"l-section wpb_row height_auto\"><div class=\"l-section-h i-cf\"><div class=\"g-cols vc_row via_grid cols_1 laptops-cols_inherit tablets-cols_inherit mobiles-cols_1 valign_top type_default stacking_default\"><div class=\"wpb_column vc_column_container\"><div class=\"vc_column-inner\"><nav class=\"g-breadcrumbs us_custom_15e8937d has_text_color separator_icon align_none\" itemscope itemtype=\"http:\/\/schema.org\/BreadcrumbList\"><div class=\"g-breadcrumbs-item\" itemscope itemprop=\"itemListElement\" itemtype=\"http:\/\/schema.org\/ListItem\"><a itemprop=\"item\" href=\"https:\/\/www.matrix-geosystems.com\/tr\/\"><span itemprop=\"name\">Giri\u015f<\/span><\/a><meta itemprop=\"position\" content=\"1\"\/><\/div><div class=\"g-breadcrumbs-separator\"><i class=\"fas fa-arrow-right\"><\/i><\/div><div class=\"g-breadcrumbs-item\">Sayfalar<\/div><\/nav><div class=\"w-sharing us_custom_12829b65 us_animate_this type_fixed align_right color_default\"><div class=\"w-sharing-list\" data-content-image=\"true\"><a class=\"w-sharing-item email\" href=\"mailto:?subject=STEC&amp;body=https:\/\/www.matrix-geosystems.com\/tr\/wp-json\/wp\/v2\/pages\/945\" title=\"Bunu mail ile g\u00f6nder\" aria-label=\"Bunu mail ile g\u00f6nder\"><i class=\"fas fa-envelope\"><\/i><\/a><a class=\"w-sharing-item facebook\" href=\"https:\/\/www.facebook.com\/sharer\/sharer.php?u=https:\/\/www.matrix-geosystems.com\/tr\/wp-json\/wp\/v2\/pages\/945&amp;quote=STEC\" title=\"Bunu payla\u015f\" aria-label=\"Bunu payla\u015f\" onclick=\"window.open(this.href, &quot;facebook&quot;, &quot;toolbar=0,width=900,height=500&quot;); return false;\"><i class=\"fab fa-facebook\"><\/i><\/a><a class=\"w-sharing-item twitter\" href=\"https:\/\/twitter.com\/intent\/tweet?text=STEC&amp;url=https:\/\/www.matrix-geosystems.com\/tr\/wp-json\/wp\/v2\/pages\/945\" title=\"Bunu twitle\" aria-label=\"Bunu twitle\" onclick=\"window.open(this.href, &quot;twitter&quot;, &quot;toolbar=0,width=650,height=360&quot;); return false;\"><i class=\"fab fa-x-twitter\"><svg style=\"width:1em; margin-bottom:-.1em;\" xmlns=\"http:\/\/www.w3.org\/2000\/svg\" viewBox=\"0 0 512 512\"><path fill=\"currentColor\" d=\"M389.2 48h70.6L305.6 224.2 487 464H345L233.7 318.6 106.5 464H35.8L200.7 275.5 26.8 48H172.4L272.9 180.9 389.2 48zM364.4 421.8h39.1L151.1 88h-42L364.4 421.8z\"\/><\/svg><\/i><\/a><a class=\"w-sharing-item linkedin\" href=\"https:\/\/www.linkedin.com\/shareArticle?mini=true&amp;url=https:\/\/www.matrix-geosystems.com\/tr\/wp-json\/wp\/v2\/pages\/945\" title=\"Bunu payla\u015f\" aria-label=\"Bunu payla\u015f\" onclick=\"window.open(this.href, &quot;linkedin&quot;, &quot;toolbar=no,width=550,height=550&quot;); return false;\"><i class=\"fab fa-linkedin\"><\/i><\/a><a class=\"w-sharing-item whatsapp\" href=\"https:\/\/web.whatsapp.com\/send?text=STEC https:\/\/www.matrix-geosystems.com\/tr\/wp-json\/wp\/v2\/pages\/945\" title=\"Bunu payla\u015f\" aria-label=\"Bunu payla\u015f\" onclick=\"window.open(this.href, &quot;whatsapp&quot;, &quot;toolbar=0,width=900,height=500&quot;); return false;\"><i class=\"fab fa-whatsapp\"><\/i><\/a><a class=\"w-sharing-item telegram\" href=\"https:\/\/t.me\/share\/url?url=https:\/\/www.matrix-geosystems.com\/tr\/wp-json\/wp\/v2\/pages\/945&amp;text=STEC\" title=\"Bunu payla\u015f\" aria-label=\"Bunu payla\u015f\" onclick=\"window.open(this.href, &quot;telegram&quot;, &quot;toolbar=no,width=600,height=450&quot;); return false;\"><i class=\"fab fa-telegram\"><\/i><\/a><\/div><\/div><\/div><\/div><\/div><\/div><\/section><section class=\"l-section wpb_row height_medium\"><div class=\"l-section-h i-cf\"><div class=\"g-cols vc_row via_grid cols_1 laptops-cols_inherit tablets-cols_inherit mobiles-cols_1 valign_top type_default stacking_default\"><div class=\"wpb_column vc_column_container\"><div class=\"vc_column-inner\"><h3 class=\"w-text us_custom_eb849559 icon_atleft\"><span class=\"w-text-h\"><i class=\"fas fa-list\"><\/i><span class=\"w-text-value\">\u00dcr\u00fcnlerimiz<\/span><\/span><\/h3><\/div><\/div><\/div><\/div><\/section><section class=\"l-section wpb_row height_medium\"><div class=\"l-section-h i-cf\"><div class=\"g-cols vc_row via_grid cols_2 laptops-cols_inherit tablets-cols_inherit mobiles-cols_1 valign_top type_default stacking_default\"><div class=\"wpb_column vc_column_container\"><div class=\"vc_column-inner\"><div class=\"w-iconbox us_custom_8f2ba1f4 us_animate_this iconpos_top style_default color_primary align_center no_text no_title icontype_img\"><div class=\"w-iconbox-icon\" style=\"font-size:8rem;\"><img loading=\"lazy\" decoding=\"async\" width=\"360\" height=\"202\" src=\"https:\/\/www.matrix-geosystems.com\/wp-content\/uploads\/2024\/01\/logo-leica.jpg\" class=\"attachment-full size-full\" alt=\"leica logo\" srcset=\"https:\/\/www.matrix-geosystems.com\/wp-content\/uploads\/2024\/01\/logo-leica.jpg 360w, https:\/\/www.matrix-geosystems.com\/wp-content\/uploads\/2024\/01\/logo-leica-300x168.jpg 300w\" sizes=\"auto, (max-width: 360px) 100vw, 360px\" \/><\/div><div class=\"w-iconbox-meta\"><\/div><\/div><div class=\"w-btn-wrapper align_center\"><a class=\"w-btn us-btn-style_1\" href=\"https:\/\/www.matrix-geosystems.com\/products\/leica\/\"><span class=\"w-btn-label\">S\u0131n\u0131fland\u0131rmay\u0131 g\u00f6rmek i\u00e7in t\u0131klay\u0131n<\/span><\/a><\/div><\/div><\/div><div class=\"wpb_column vc_column_container hide_on_default hide_on_laptops hide_on_tablets hide_on_mobiles\"><div class=\"vc_column-inner\"><div class=\"w-iconbox us_custom_8f2ba1f4 us_animate_this iconpos_top style_default color_primary align_center no_text no_title icontype_img\"><div class=\"w-iconbox-icon\" style=\"font-size:10rem;\"><img loading=\"lazy\" decoding=\"async\" width=\"668\" height=\"221\" src=\"https:\/\/www.matrix-geosystems.com\/wp-content\/uploads\/2024\/01\/IMG_20240109_174939_307.jpg\" class=\"attachment-full size-full\" alt=\"\" srcset=\"https:\/\/www.matrix-geosystems.com\/wp-content\/uploads\/2024\/01\/IMG_20240109_174939_307.jpg 668w, https:\/\/www.matrix-geosystems.com\/wp-content\/uploads\/2024\/01\/IMG_20240109_174939_307-300x99.jpg 300w\" sizes=\"auto, (max-width: 668px) 100vw, 668px\" \/><\/div><div class=\"w-iconbox-meta\"><\/div><\/div><div class=\"w-separator size_small\"><\/div><div class=\"w-btn-wrapper align_center\"><a class=\"w-btn us-btn-style_1\" href=\"https:\/\/www.matrix-geosystems.com\/tr\/?page_id=948\"><span class=\"w-btn-label\">S\u0131n\u0131fland\u0131rmay\u0131 g\u00f6rmek i\u00e7in t\u0131klay\u0131n<\/span><\/a><\/div><\/div><\/div><\/div><\/div><\/section>\n","protected":false},"excerpt":{"rendered":"Giri\u015fSayfalar\u00dcr\u00fcnlerimizS\u0131n\u0131fland\u0131rmay\u0131 g\u00f6rmek i\u00e7in t\u0131klay\u0131nS\u0131n\u0131fland\u0131rmay\u0131 g\u00f6rmek i\u00e7in t\u0131klay\u0131n","protected":false},"author":1,"featured_media":0,"parent":0,"menu_order":0,"comment_status":"closed","ping_status":"closed","template":"","meta":{"footnotes":""},"class_list":["post-945","page","type-page","status-publish","hentry"],"_links":{"self":[{"href":"https:\/\/www.matrix-geosystems.com\/tr\/wp-json\/wp\/v2\/pages\/945","targetHints":{"allow":["GET"]}}],"collection":[{"href":"https:\/\/www.matrix-geosystems.com\/tr\/wp-json\/wp\/v2\/pages"}],"about":[{"href":"https:\/\/www.matrix-geosystems.com\/tr\/wp-json\/wp\/v2\/types\/page"}],"author":[{"embeddable":true,"href":"https:\/\/www.matrix-geosystems.com\/tr\/wp-json\/wp\/v2\/users\/1"}],"replies":[{"embeddable":true,"href":"https:\/\/www.matrix-geosystems.com\/tr\/wp-json\/wp\/v2\/comments?post=945"}],"version-history":[{"count":6,"href":"https:\/\/www.matrix-geosystems.com\/tr\/wp-json\/wp\/v2\/pages\/945\/revisions"}],"predecessor-version":[{"id":1060,"href":"https:\/\/www.matrix-geosystems.com\/tr\/wp-json\/wp\/v2\/pages\/945\/revisions\/1060"}],"wp:attachment":[{"href":"https:\/\/www.matrix-geosystems.com\/tr\/wp-json\/wp\/v2\/media?parent=945"}],"curies":[{"name":"wp","href":"https:\/\/api.w.org\/{rel}","templated":true}]}}