{"id":966,"date":"2024-01-02T10:50:39","date_gmt":"2024-01-02T07:50:39","guid":{"rendered":"https:\/\/www.matrix-geosystems.com\/hizmetler-ve-destek\/"},"modified":"2025-01-15T22:44:26","modified_gmt":"2025-01-15T19:44:26","slug":"hizmetler-ve-destek","status":"publish","type":"page","link":"https:\/\/www.matrix-geosystems.com\/tr\/hizmetler-ve-destek\/","title":{"rendered":"Hizmetler ve Destek"},"content":{"rendered":"<section class=\"l-section wpb_row height_auto\"><div class=\"l-section-h i-cf\"><div class=\"g-cols vc_row via_grid cols_1 laptops-cols_inherit tablets-cols_inherit mobiles-cols_1 valign_top type_default stacking_default\"><div class=\"wpb_column vc_column_container\"><div class=\"vc_column-inner\"><nav class=\"g-breadcrumbs us_custom_c905facd has_text_color separator_icon align_none\" itemscope itemtype=\"http:\/\/schema.org\/BreadcrumbList\"><div class=\"g-breadcrumbs-item\" itemscope itemprop=\"itemListElement\" itemtype=\"http:\/\/schema.org\/ListItem\"><a itemprop=\"item\" href=\"https:\/\/www.matrix-geosystems.com\/tr\/\"><span itemprop=\"name\">Giri\u015f<\/span><\/a><meta itemprop=\"position\" content=\"1\"\/><\/div><div class=\"g-breadcrumbs-separator\"><i class=\"fas fa-arrow-right\"><\/i><\/div><div class=\"g-breadcrumbs-item\">Sayfalar<\/div><\/nav><\/div><\/div><\/div><\/div><\/section><section class=\"l-section wpb_row height_medium\"><div class=\"l-section-h i-cf\"><div class=\"g-cols vc_row via_grid cols_1 laptops-cols_inherit tablets-cols_inherit mobiles-cols_1 valign_top type_default stacking_default\"><div class=\"wpb_column vc_column_container\"><div class=\"vc_column-inner\"><div class=\"w-sharing us_custom_8f2ba1f4 us_animate_this type_fixed align_right color_default\"><div class=\"w-sharing-list\" data-content-image=\"true\"><a class=\"w-sharing-item email\" href=\"mailto:?subject=Hizmetler ve Destek&amp;body=https:\/\/www.matrix-geosystems.com\/tr\/wp-json\/wp\/v2\/pages\/966\" title=\"Bunu mail ile g\u00f6nder\" aria-label=\"Bunu mail ile g\u00f6nder\"><i class=\"fas fa-envelope\"><\/i><\/a><a class=\"w-sharing-item facebook\" href=\"https:\/\/www.facebook.com\/sharer\/sharer.php?u=https:\/\/www.matrix-geosystems.com\/tr\/wp-json\/wp\/v2\/pages\/966&amp;quote=Hizmetler ve Destek\" title=\"Bunu payla\u015f\" aria-label=\"Bunu payla\u015f\" onclick=\"window.open(this.href, &quot;facebook&quot;, &quot;toolbar=0,width=900,height=500&quot;); return false;\"><i class=\"fab fa-facebook\"><\/i><\/a><a class=\"w-sharing-item twitter\" href=\"https:\/\/twitter.com\/intent\/tweet?text=Hizmetler ve Destek&amp;url=https:\/\/www.matrix-geosystems.com\/tr\/wp-json\/wp\/v2\/pages\/966\" title=\"Bunu twitle\" aria-label=\"Bunu twitle\" onclick=\"window.open(this.href, &quot;twitter&quot;, &quot;toolbar=0,width=650,height=360&quot;); return false;\"><i class=\"fab fa-x-twitter\"><svg style=\"width:1em; margin-bottom:-.1em;\" xmlns=\"http:\/\/www.w3.org\/2000\/svg\" viewBox=\"0 0 512 512\"><path fill=\"currentColor\" d=\"M389.2 48h70.6L305.6 224.2 487 464H345L233.7 318.6 106.5 464H35.8L200.7 275.5 26.8 48H172.4L272.9 180.9 389.2 48zM364.4 421.8h39.1L151.1 88h-42L364.4 421.8z\"\/><\/svg><\/i><\/a><a class=\"w-sharing-item linkedin\" href=\"https:\/\/www.linkedin.com\/shareArticle?mini=true&amp;url=https:\/\/www.matrix-geosystems.com\/tr\/wp-json\/wp\/v2\/pages\/966\" title=\"Bunu payla\u015f\" aria-label=\"Bunu payla\u015f\" onclick=\"window.open(this.href, &quot;linkedin&quot;, &quot;toolbar=no,width=550,height=550&quot;); return false;\"><i class=\"fab fa-linkedin\"><\/i><\/a><a class=\"w-sharing-item whatsapp\" href=\"https:\/\/web.whatsapp.com\/send?text=Hizmetler ve Destek https:\/\/www.matrix-geosystems.com\/tr\/wp-json\/wp\/v2\/pages\/966\" title=\"Bunu payla\u015f\" aria-label=\"Bunu payla\u015f\" onclick=\"window.open(this.href, &quot;whatsapp&quot;, &quot;toolbar=0,width=900,height=500&quot;); return false;\"><i class=\"fab fa-whatsapp\"><\/i><\/a><a class=\"w-sharing-item telegram\" href=\"https:\/\/t.me\/share\/url?url=https:\/\/www.matrix-geosystems.com\/tr\/wp-json\/wp\/v2\/pages\/966&amp;text=Hizmetler ve Destek\" title=\"Bunu payla\u015f\" aria-label=\"Bunu payla\u015f\" onclick=\"window.open(this.href, &quot;telegram&quot;, &quot;toolbar=no,width=600,height=450&quot;); return false;\"><i class=\"fab fa-telegram\"><\/i><\/a><\/div><\/div><div class=\"w-image align_center\"><div class=\"w-image-h\"><img loading=\"lazy\" decoding=\"async\" width=\"1024\" height=\"399\" src=\"https:\/\/www.matrix-geosystems.com\/wp-content\/uploads\/2024\/01\/surveying-equipments-banner-1024x399.jpg\" class=\"attachment-large size-large\" alt=\"\" srcset=\"https:\/\/www.matrix-geosystems.com\/wp-content\/uploads\/2024\/01\/surveying-equipments-banner-1024x399.jpg 1024w, https:\/\/www.matrix-geosystems.com\/wp-content\/uploads\/2024\/01\/surveying-equipments-banner-300x117.jpg 300w, https:\/\/www.matrix-geosystems.com\/wp-content\/uploads\/2024\/01\/surveying-equipments-banner.jpg 1200w\" sizes=\"auto, (max-width: 1024px) 100vw, 1024px\" \/><\/div><\/div><div class=\"w-separator size_small\"><\/div><div class=\"wpb_text_column\"><div class=\"wpb_wrapper\"><div dir=\"auto\">\n<p>Matrix Geosystems, d\u00fcnya \u00e7ap\u0131ndaki m\u00fc\u015fterilere teknik ve destek sa\u011flar. Ekiplerimiz, projelerinizde ihtiya\u00e7 duydu\u011funuz hizmet ve deste\u011fi sa\u011flamak i\u00e7in oradad\u0131r. Uzmanlar\u0131m\u0131z, ekipmanla ilgili ihtiya\u00e7lar\u0131n\u0131z ve sorular\u0131n\u0131z konusunda size yard\u0131mc\u0131 olabilir ve projelerinizle ilgili sorular\u0131n\u0131z\u0131 da yan\u0131tlayabilir.<\/p>\n<div dir=\"auto\"> <\/div>\n<p>Profesyonel ve e\u011fitimli elektrik ve Harita m\u00fchendisleri, \u00f6l\u00e7\u00fcmc\u00fcler olu\u015fan bir kadroya sahip olmak, Matrix Geosystems Tamir b\u00f6l\u00fcm\u00fc&#8217;n\u00fcn i\u015fletmenize en y\u00fcksek kalitede hizmet sunmas\u0131n\u0131 sa\u011flar. Her t\u00fcrl\u00fc \u00f6l\u00e7\u00fcm ekipman\u0131 t\u00fcm modellerini onard\u0131\u011f\u0131m\u0131z\u0131 gururla duyururuz.<\/p>\n<\/div>\n<\/div><\/div><\/div><\/div><\/div><\/div><\/section>\n","protected":false},"excerpt":{"rendered":"Giri\u015fSayfalar Matrix Geosystems, d\u00fcnya \u00e7ap\u0131ndaki m\u00fc\u015fterilere teknik ve destek sa\u011flar. Ekiplerimiz, projelerinizde ihtiya\u00e7 duydu\u011funuz hizmet ve deste\u011fi sa\u011flamak i\u00e7in oradad\u0131r. Uzmanlar\u0131m\u0131z, ekipmanla ilgili ihtiya\u00e7lar\u0131n\u0131z ve sorular\u0131n\u0131z konusunda size yard\u0131mc\u0131 olabilir ve projelerinizle ilgili sorular\u0131n\u0131z\u0131 da yan\u0131tlayabilir. Profesyonel ve e\u011fitimli elektrik ve Harita m\u00fchendisleri, \u00f6l\u00e7\u00fcmc\u00fcler olu\u015fan bir kadroya sahip olmak, Matrix Geosystems Tamir b\u00f6l\u00fcm\u00fc&#8217;n\u00fcn i\u015fletmenize en...","protected":false},"author":1,"featured_media":0,"parent":0,"menu_order":0,"comment_status":"closed","ping_status":"closed","template":"","meta":{"footnotes":""},"class_list":["post-966","page","type-page","status-publish","hentry"],"_links":{"self":[{"href":"https:\/\/www.matrix-geosystems.com\/tr\/wp-json\/wp\/v2\/pages\/966","targetHints":{"allow":["GET"]}}],"collection":[{"href":"https:\/\/www.matrix-geosystems.com\/tr\/wp-json\/wp\/v2\/pages"}],"about":[{"href":"https:\/\/www.matrix-geosystems.com\/tr\/wp-json\/wp\/v2\/types\/page"}],"author":[{"embeddable":true,"href":"https:\/\/www.matrix-geosystems.com\/tr\/wp-json\/wp\/v2\/users\/1"}],"replies":[{"embeddable":true,"href":"https:\/\/www.matrix-geosystems.com\/tr\/wp-json\/wp\/v2\/comments?post=966"}],"version-history":[{"count":2,"href":"https:\/\/www.matrix-geosystems.com\/tr\/wp-json\/wp\/v2\/pages\/966\/revisions"}],"predecessor-version":[{"id":968,"href":"https:\/\/www.matrix-geosystems.com\/tr\/wp-json\/wp\/v2\/pages\/966\/revisions\/968"}],"wp:attachment":[{"href":"https:\/\/www.matrix-geosystems.com\/tr\/wp-json\/wp\/v2\/media?parent=966"}],"curies":[{"name":"wp","href":"https:\/\/api.w.org\/{rel}","templated":true}]}}