{"id":969,"date":"2023-12-31T07:10:59","date_gmt":"2023-12-31T04:10:59","guid":{"rendered":"https:\/\/www.matrix-geosystems.com\/projeler\/"},"modified":"2025-01-15T22:45:45","modified_gmt":"2025-01-15T19:45:45","slug":"projeler","status":"publish","type":"page","link":"https:\/\/www.matrix-geosystems.com\/tr\/projeler\/","title":{"rendered":"Projeler"},"content":{"rendered":"<section class=\"l-section wpb_row height_auto\"><div class=\"l-section-h i-cf\"><div class=\"g-cols vc_row via_grid cols_1 laptops-cols_inherit tablets-cols_inherit mobiles-cols_1 valign_top type_default stacking_default\"><div class=\"wpb_column vc_column_container\"><div class=\"vc_column-inner\"><nav class=\"g-breadcrumbs us_custom_15e8937d has_text_color separator_icon align_none\" itemscope itemtype=\"http:\/\/schema.org\/BreadcrumbList\"><div class=\"g-breadcrumbs-item\" itemscope itemprop=\"itemListElement\" itemtype=\"http:\/\/schema.org\/ListItem\"><a itemprop=\"item\" href=\"https:\/\/www.matrix-geosystems.com\/tr\/\"><span itemprop=\"name\">Giri\u015f<\/span><\/a><meta itemprop=\"position\" content=\"1\"\/><\/div><div class=\"g-breadcrumbs-separator\"><i class=\"fas fa-arrow-right\"><\/i><\/div><div class=\"g-breadcrumbs-item\">Sayfalar<\/div><\/nav><div class=\"w-sharing us_custom_12829b65 us_animate_this type_fixed align_right color_default\"><div class=\"w-sharing-list\" data-content-image=\"true\"><a class=\"w-sharing-item email\" href=\"mailto:?subject=Projeler&amp;body=https:\/\/www.matrix-geosystems.com\/tr\/wp-json\/wp\/v2\/pages\/969\" title=\"Bunu mail ile g\u00f6nder\" aria-label=\"Bunu mail ile g\u00f6nder\"><i class=\"fas fa-envelope\"><\/i><\/a><a class=\"w-sharing-item facebook\" href=\"https:\/\/www.facebook.com\/sharer\/sharer.php?u=https:\/\/www.matrix-geosystems.com\/tr\/wp-json\/wp\/v2\/pages\/969&amp;quote=Projeler\" title=\"Bunu payla\u015f\" aria-label=\"Bunu payla\u015f\" onclick=\"window.open(this.href, &quot;facebook&quot;, &quot;toolbar=0,width=900,height=500&quot;); return false;\"><i class=\"fab fa-facebook\"><\/i><\/a><a class=\"w-sharing-item twitter\" href=\"https:\/\/twitter.com\/intent\/tweet?text=Projeler&amp;url=https:\/\/www.matrix-geosystems.com\/tr\/wp-json\/wp\/v2\/pages\/969\" title=\"Bunu twitle\" aria-label=\"Bunu twitle\" onclick=\"window.open(this.href, &quot;twitter&quot;, &quot;toolbar=0,width=650,height=360&quot;); return false;\"><i class=\"fab fa-x-twitter\"><svg style=\"width:1em; margin-bottom:-.1em;\" xmlns=\"http:\/\/www.w3.org\/2000\/svg\" viewBox=\"0 0 512 512\"><path fill=\"currentColor\" d=\"M389.2 48h70.6L305.6 224.2 487 464H345L233.7 318.6 106.5 464H35.8L200.7 275.5 26.8 48H172.4L272.9 180.9 389.2 48zM364.4 421.8h39.1L151.1 88h-42L364.4 421.8z\"\/><\/svg><\/i><\/a><a class=\"w-sharing-item linkedin\" href=\"https:\/\/www.linkedin.com\/shareArticle?mini=true&amp;url=https:\/\/www.matrix-geosystems.com\/tr\/wp-json\/wp\/v2\/pages\/969\" title=\"Bunu payla\u015f\" aria-label=\"Bunu payla\u015f\" onclick=\"window.open(this.href, &quot;linkedin&quot;, &quot;toolbar=no,width=550,height=550&quot;); return false;\"><i class=\"fab fa-linkedin\"><\/i><\/a><a class=\"w-sharing-item whatsapp\" href=\"https:\/\/web.whatsapp.com\/send?text=Projeler https:\/\/www.matrix-geosystems.com\/tr\/wp-json\/wp\/v2\/pages\/969\" title=\"Bunu payla\u015f\" aria-label=\"Bunu payla\u015f\" onclick=\"window.open(this.href, &quot;whatsapp&quot;, &quot;toolbar=0,width=900,height=500&quot;); return false;\"><i class=\"fab fa-whatsapp\"><\/i><\/a><a class=\"w-sharing-item telegram\" href=\"https:\/\/t.me\/share\/url?url=https:\/\/www.matrix-geosystems.com\/tr\/wp-json\/wp\/v2\/pages\/969&amp;text=Projeler\" title=\"Bunu payla\u015f\" aria-label=\"Bunu payla\u015f\" onclick=\"window.open(this.href, &quot;telegram&quot;, &quot;toolbar=no,width=600,height=450&quot;); return false;\"><i class=\"fab fa-telegram\"><\/i><\/a><\/div><\/div><\/div><\/div><\/div><\/div><\/section><section class=\"l-section wpb_row height_medium\"><div class=\"l-section-h i-cf\"><div class=\"g-cols vc_row via_grid cols_1 laptops-cols_inherit tablets-cols_inherit mobiles-cols_1 valign_top type_default stacking_default\"><div class=\"wpb_column vc_column_container\"><div class=\"vc_column-inner\"><div class=\"w-iconbox iconpos_top style_default color_primary align_center\"><div class=\"w-iconbox-icon\" style=\"font-size:8rem;\"><i class=\"material-icons\">refresh<\/i><\/div><div class=\"w-iconbox-meta\"><h4 class=\"w-iconbox-title\">\u00c7ok yak\u0131nda!<\/h4><div class=\"w-iconbox-text\"><p>\u0130\u00e7erikler y\u00fcklenmek \u00fczere haz\u0131rlan\u0131yor.<\/p>\n<\/div><\/div><\/div><\/div><\/div><\/div><\/div><\/section>\n","protected":false},"excerpt":{"rendered":"Giri\u015fSayfalarrefresh\u00c7ok yak\u0131nda!\u0130\u00e7erikler y\u00fcklenmek \u00fczere haz\u0131rlan\u0131yor.","protected":false},"author":1,"featured_media":0,"parent":0,"menu_order":0,"comment_status":"closed","ping_status":"closed","template":"","meta":{"footnotes":""},"class_list":["post-969","page","type-page","status-publish","hentry"],"_links":{"self":[{"href":"https:\/\/www.matrix-geosystems.com\/tr\/wp-json\/wp\/v2\/pages\/969","targetHints":{"allow":["GET"]}}],"collection":[{"href":"https:\/\/www.matrix-geosystems.com\/tr\/wp-json\/wp\/v2\/pages"}],"about":[{"href":"https:\/\/www.matrix-geosystems.com\/tr\/wp-json\/wp\/v2\/types\/page"}],"author":[{"embeddable":true,"href":"https:\/\/www.matrix-geosystems.com\/tr\/wp-json\/wp\/v2\/users\/1"}],"replies":[{"embeddable":true,"href":"https:\/\/www.matrix-geosystems.com\/tr\/wp-json\/wp\/v2\/comments?post=969"}],"version-history":[{"count":2,"href":"https:\/\/www.matrix-geosystems.com\/tr\/wp-json\/wp\/v2\/pages\/969\/revisions"}],"predecessor-version":[{"id":971,"href":"https:\/\/www.matrix-geosystems.com\/tr\/wp-json\/wp\/v2\/pages\/969\/revisions\/971"}],"wp:attachment":[{"href":"https:\/\/www.matrix-geosystems.com\/tr\/wp-json\/wp\/v2\/media?parent=969"}],"curies":[{"name":"wp","href":"https:\/\/api.w.org\/{rel}","templated":true}]}}